{"id":1486,"date":"2024-05-09T13:11:04","date_gmt":"2024-05-09T13:11:04","guid":{"rendered":"https:\/\/ipdd.cv\/?page_id=1486"},"modified":"2026-03-09T14:20:15","modified_gmt":"2026-03-09T14:20:15","slug":"clab","status":"publish","type":"page","link":"https:\/\/ipdd.cv\/en\/clab\/","title":{"rendered":"CLAB"},"content":{"rendered":"<div data-elementor-type=\"wp-page\" data-elementor-id=\"1486\" class=\"elementor elementor-1486\">\n\t\t\t\t<div class=\"elementor-element elementor-element-3ed2c88 e-flex e-con-boxed e-con e-parent\" data-id=\"3ed2c88\" data-element_type=\"container\">\n\t\t\t\t\t<div class=\"e-con-inner\">\n\t\t\t\t<div class=\"elementor-element elementor-element-2abd312 elementor-widget elementor-widget-text-editor\" data-id=\"2abd312\" data-element_type=\"widget\" data-widget_type=\"text-editor.default\">\n\t\t\t\t<div class=\"elementor-widget-container\">\n\t\t\t<style>\/*! elementor - v3.21.0 - 26-05-2024 *\/\n.elementor-widget-text-editor.elementor-drop-cap-view-stacked .elementor-drop-cap{background-color:#69727d;color:#fff}.elementor-widget-text-editor.elementor-drop-cap-view-framed .elementor-drop-cap{color:#69727d;border:3px solid;background-color:transparent}.elementor-widget-text-editor:not(.elementor-drop-cap-view-default) .elementor-drop-cap{margin-top:8px}.elementor-widget-text-editor:not(.elementor-drop-cap-view-default) .elementor-drop-cap-letter{width:1em;height:1em}.elementor-widget-text-editor .elementor-drop-cap{float:left;text-align:center;line-height:1;font-size:50px}.elementor-widget-text-editor .elementor-drop-cap-letter{display:inline-block}<\/style>\t\t\t\t<h2><strong>CLAB<\/strong><\/h2>\n<p>The CLAB \u2013 Computer Laboratory is a technology center of the MID (Ministry of Development, Industry and Technology), comprised of a technical team of IT professionals trained to develop projects and provide training on the latest innovations in the IT world.&nbsp;<\/p>\n<p><strong>AREAS OF PRACTICE &nbsp;<\/strong><\/p>\n<p>Training;&nbsp;<\/p>\n<p>Executive\/MBA Courses;<\/p>\n<p>Technical assistance in the ICT area; &nbsp;<\/p>\n<p>Use of Mediatec<\/p>\n<p><span style=\"font-weight: 700;\">TEAM<\/span><\/p>\n<p>Expedito Garcia \u2013 Coordinator<\/p>\t\t\t\t\t\t<\/div>\n\t\t\t\t<\/div>\n\t\t\t\t\t<\/div>\n\t\t\t\t<\/div>\n\t\t\t\t<\/div>","protected":false},"excerpt":{"rendered":"<p>CLAB O laborat\u00f3rio da CLAB &#8211; Computer Laboratory \u00e9 um centro de tecnologias do MID, formado por uma equipa t\u00e9cnica de inform\u00e1ticos capacitados para desenvolver projetos e ministrar forma\u00e7\u00f5es sobre as mais recentes inova\u00e7\u00f5es no mundo inform\u00e1tico.&nbsp; \u00c1REAS DE ATUA\u00c7\u00c3O &nbsp; Forma\u00e7\u00f5es;&nbsp; Cursos Executivos\/MBA; Assist\u00eancia t\u00e9cnica na \u00e1rea das TIC; &nbsp; Uso da Mediatec EQUIPA [&hellip;]<\/p>\n","protected":false},"author":1,"featured_media":0,"parent":0,"menu_order":0,"comment_status":"closed","ping_status":"closed","template":"","meta":{"site-sidebar-layout":"no-sidebar","site-content-layout":"page-builder","ast-site-content-layout":"full-width-container","site-content-style":"default","site-sidebar-style":"default","ast-global-header-display":"","ast-banner-title-visibility":"","ast-main-header-display":"","ast-hfb-above-header-display":"","ast-hfb-below-header-display":"","ast-hfb-mobile-header-display":"","site-post-title":"disabled","ast-breadcrumbs-content":"","ast-featured-img":"disabled","footer-sml-layout":"","theme-transparent-header-meta":"","adv-header-id-meta":"","stick-header-meta":"","header-above-stick-meta":"","header-main-stick-meta":"","header-below-stick-meta":"","astra-migrate-meta-layouts":"set","ast-page-background-enabled":"default","ast-page-background-meta":{"desktop":{"background-color":"","background-image":"","background-repeat":"repeat","background-position":"center center","background-size":"auto","background-attachment":"scroll","background-type":"","background-media":"","overlay-type":"","overlay-color":"","overlay-gradient":""},"tablet":{"background-color":"","background-image":"","background-repeat":"repeat","background-position":"center center","background-size":"auto","background-attachment":"scroll","background-type":"","background-media":"","overlay-type":"","overlay-color":"","overlay-gradient":""},"mobile":{"background-color":"","background-image":"","background-repeat":"repeat","background-position":"center center","background-size":"auto","background-attachment":"scroll","background-type":"","background-media":"","overlay-type":"","overlay-color":"","overlay-gradient":""}},"ast-content-background-meta":{"desktop":{"background-color":"var(--ast-global-color-5)","background-image":"","background-repeat":"repeat","background-position":"center center","background-size":"auto","background-attachment":"scroll","background-type":"","background-media":"","overlay-type":"","overlay-color":"","overlay-gradient":""},"tablet":{"background-color":"var(--ast-global-color-5)","background-image":"","background-repeat":"repeat","background-position":"center center","background-size":"auto","background-attachment":"scroll","background-type":"","background-media":"","overlay-type":"","overlay-color":"","overlay-gradient":""},"mobile":{"background-color":"var(--ast-global-color-5)","background-image":"","background-repeat":"repeat","background-position":"center center","background-size":"auto","background-attachment":"scroll","background-type":"","background-media":"","overlay-type":"","overlay-color":"","overlay-gradient":""}},"footnotes":""},"class_list":["post-1486","page","type-page","status-publish","hentry"],"_links":{"self":[{"href":"https:\/\/ipdd.cv\/en\/wp-json\/wp\/v2\/pages\/1486","targetHints":{"allow":["GET"]}}],"collection":[{"href":"https:\/\/ipdd.cv\/en\/wp-json\/wp\/v2\/pages"}],"about":[{"href":"https:\/\/ipdd.cv\/en\/wp-json\/wp\/v2\/types\/page"}],"author":[{"embeddable":true,"href":"https:\/\/ipdd.cv\/en\/wp-json\/wp\/v2\/users\/1"}],"replies":[{"embeddable":true,"href":"https:\/\/ipdd.cv\/en\/wp-json\/wp\/v2\/comments?post=1486"}],"version-history":[{"count":7,"href":"https:\/\/ipdd.cv\/en\/wp-json\/wp\/v2\/pages\/1486\/revisions"}],"predecessor-version":[{"id":1869,"href":"https:\/\/ipdd.cv\/en\/wp-json\/wp\/v2\/pages\/1486\/revisions\/1869"}],"wp:attachment":[{"href":"https:\/\/ipdd.cv\/en\/wp-json\/wp\/v2\/media?parent=1486"}],"curies":[{"name":"wp","href":"https:\/\/api.w.org\/{rel}","templated":true}]}}