{"id":1484,"date":"2024-05-09T13:10:32","date_gmt":"2024-05-09T13:10:32","guid":{"rendered":"https:\/\/ipdd.cv\/?page_id=1484"},"modified":"2026-03-09T14:21:38","modified_gmt":"2026-03-09T14:21:38","slug":"idd","status":"publish","type":"page","link":"https:\/\/ipdd.cv\/en\/idd\/","title":{"rendered":"IDD"},"content":{"rendered":"<div data-elementor-type=\"wp-page\" data-elementor-id=\"1484\" class=\"elementor elementor-1484\">\n\t\t\t\t<div class=\"elementor-element elementor-element-763ed0d e-flex e-con-boxed e-con e-parent\" data-id=\"763ed0d\" data-element_type=\"container\">\n\t\t\t\t\t<div class=\"e-con-inner\">\n\t\t\t\t<div class=\"elementor-element elementor-element-bbfc637 elementor-widget elementor-widget-text-editor\" data-id=\"bbfc637\" data-element_type=\"widget\" data-widget_type=\"text-editor.default\">\n\t\t\t\t<div class=\"elementor-widget-container\">\n\t\t\t<style>\/*! elementor - v3.21.0 - 26-05-2024 *\/\n.elementor-widget-text-editor.elementor-drop-cap-view-stacked .elementor-drop-cap{background-color:#69727d;color:#fff}.elementor-widget-text-editor.elementor-drop-cap-view-framed .elementor-drop-cap{color:#69727d;border:3px solid;background-color:transparent}.elementor-widget-text-editor:not(.elementor-drop-cap-view-default) .elementor-drop-cap{margin-top:8px}.elementor-widget-text-editor:not(.elementor-drop-cap-view-default) .elementor-drop-cap-letter{width:1em;height:1em}.elementor-widget-text-editor .elementor-drop-cap{float:left;text-align:center;line-height:1;font-size:50px}.elementor-widget-text-editor .elementor-drop-cap-letter{display:inline-block}<\/style>\t\t\t\t<h2><strong>IDD<\/strong><\/h2>\n<p>The Institute for Development and Democracy (IDD) was conceived to develop awareness-raising activities in the areas of law, democracy, and elections. It conducts lectures and promotes thematic seminars related to these areas. The IDD aims to train and equip current and future political leaders with best practices and techniques for political action, better understanding electoral debates and processes, and exercising democracy with considerable knowledge of the law.<\/p>\n<p>IDD is a regional NGO and a specialized laboratory in matters related to governance, democracy, and regional integration in West Africa.<\/p>\n<p><strong>AREAS OF PRACTICE<\/strong><\/p>\n<p class=\"translation-block\">IDD WORKSHOP: Incubator for businesses and social projects (companies and NGO Start-Ups);<\/p>\n<p class=\"translation-block\">IDD EXECUTIVE TRAINING: Training;<\/p>\n<p class=\"translation-block\">IDD CONSULTING: Consulting in executive leadership for the public and private sectors; local development, management, and financing.<\/p>\n<p><strong>TEAM<\/strong><\/p>\n<p>Mr. German Reis \u2013 Coordinator<\/p>\n<p>Mr. Wagner Pina \u2013 Assistant&nbsp;<\/p><p>Milton Paiva &#8211;&nbsp;<span style=\"font-size: 1rem;\">Coordinator<\/span><\/p>\t\t\t\t\t\t<\/div>\n\t\t\t\t<\/div>\n\t\t\t\t\t<\/div>\n\t\t\t\t<\/div>\n\t\t\t\t<\/div>","protected":false},"excerpt":{"rendered":"<p>IDD O Instituto Desenvolvimento e Democracia(IDD) foi concebido para desenvolver actividades de sensibiliza\u00e7\u00e3o nas \u00e1reas do direito, democracia e elei\u00e7\u00f5es. Realiza palestras e promove semin\u00e1rios tem\u00e1ticos ligados a essas \u00e1reas. O IDD se prop\u00f5e a formar e dotar os actuais e os futuros dirigentes pol\u00edticos com as melhores pr\u00e1ticas e t\u00e9cnicas de atua\u00e7\u00e3o na pol\u00edtica, [&hellip;]<\/p>\n","protected":false},"author":1,"featured_media":0,"parent":0,"menu_order":0,"comment_status":"closed","ping_status":"closed","template":"","meta":{"site-sidebar-layout":"no-sidebar","site-content-layout":"page-builder","ast-site-content-layout":"full-width-container","site-content-style":"default","site-sidebar-style":"default","ast-global-header-display":"","ast-banner-title-visibility":"","ast-main-header-display":"","ast-hfb-above-header-display":"","ast-hfb-below-header-display":"","ast-hfb-mobile-header-display":"","site-post-title":"disabled","ast-breadcrumbs-content":"","ast-featured-img":"disabled","footer-sml-layout":"","theme-transparent-header-meta":"","adv-header-id-meta":"","stick-header-meta":"","header-above-stick-meta":"","header-main-stick-meta":"","header-below-stick-meta":"","astra-migrate-meta-layouts":"set","ast-page-background-enabled":"default","ast-page-background-meta":{"desktop":{"background-color":"","background-image":"","background-repeat":"repeat","background-position":"center center","background-size":"auto","background-attachment":"scroll","background-type":"","background-media":"","overlay-type":"","overlay-color":"","overlay-gradient":""},"tablet":{"background-color":"","background-image":"","background-repeat":"repeat","background-position":"center center","background-size":"auto","background-attachment":"scroll","background-type":"","background-media":"","overlay-type":"","overlay-color":"","overlay-gradient":""},"mobile":{"background-color":"","background-image":"","background-repeat":"repeat","background-position":"center center","background-size":"auto","background-attachment":"scroll","background-type":"","background-media":"","overlay-type":"","overlay-color":"","overlay-gradient":""}},"ast-content-background-meta":{"desktop":{"background-color":"var(--ast-global-color-5)","background-image":"","background-repeat":"repeat","background-position":"center center","background-size":"auto","background-attachment":"scroll","background-type":"","background-media":"","overlay-type":"","overlay-color":"","overlay-gradient":""},"tablet":{"background-color":"var(--ast-global-color-5)","background-image":"","background-repeat":"repeat","background-position":"center center","background-size":"auto","background-attachment":"scroll","background-type":"","background-media":"","overlay-type":"","overlay-color":"","overlay-gradient":""},"mobile":{"background-color":"var(--ast-global-color-5)","background-image":"","background-repeat":"repeat","background-position":"center center","background-size":"auto","background-attachment":"scroll","background-type":"","background-media":"","overlay-type":"","overlay-color":"","overlay-gradient":""}},"footnotes":""},"class_list":["post-1484","page","type-page","status-publish","hentry"],"_links":{"self":[{"href":"https:\/\/ipdd.cv\/en\/wp-json\/wp\/v2\/pages\/1484","targetHints":{"allow":["GET"]}}],"collection":[{"href":"https:\/\/ipdd.cv\/en\/wp-json\/wp\/v2\/pages"}],"about":[{"href":"https:\/\/ipdd.cv\/en\/wp-json\/wp\/v2\/types\/page"}],"author":[{"embeddable":true,"href":"https:\/\/ipdd.cv\/en\/wp-json\/wp\/v2\/users\/1"}],"replies":[{"embeddable":true,"href":"https:\/\/ipdd.cv\/en\/wp-json\/wp\/v2\/comments?post=1484"}],"version-history":[{"count":16,"href":"https:\/\/ipdd.cv\/en\/wp-json\/wp\/v2\/pages\/1484\/revisions"}],"predecessor-version":[{"id":1872,"href":"https:\/\/ipdd.cv\/en\/wp-json\/wp\/v2\/pages\/1484\/revisions\/1872"}],"wp:attachment":[{"href":"https:\/\/ipdd.cv\/en\/wp-json\/wp\/v2\/media?parent=1484"}],"curies":[{"name":"wp","href":"https:\/\/api.w.org\/{rel}","templated":true}]}}