{"id":1481,"date":"2024-05-09T13:09:30","date_gmt":"2024-05-09T13:09:30","guid":{"rendered":"https:\/\/ipdd.cv\/?page_id=1481"},"modified":"2026-03-09T14:14:33","modified_gmt":"2026-03-09T14:14:33","slug":"dna-praia","status":"publish","type":"page","link":"https:\/\/ipdd.cv\/en\/dna-praia\/","title":{"rendered":"DNA Praia"},"content":{"rendered":"<div data-elementor-type=\"wp-page\" data-elementor-id=\"1481\" class=\"elementor elementor-1481\">\n\t\t\t\t<div class=\"elementor-element elementor-element-a11b658 e-flex e-con-boxed e-con e-parent\" data-id=\"a11b658\" data-element_type=\"container\">\n\t\t\t\t\t<div class=\"e-con-inner\">\n\t\t\t\t<div class=\"elementor-element elementor-element-358a683 elementor-widget elementor-widget-text-editor\" data-id=\"358a683\" data-element_type=\"widget\" data-widget_type=\"text-editor.default\">\n\t\t\t\t<div class=\"elementor-widget-container\">\n\t\t\t<style>\/*! elementor - v3.21.0 - 26-05-2024 *\/\n.elementor-widget-text-editor.elementor-drop-cap-view-stacked .elementor-drop-cap{background-color:#69727d;color:#fff}.elementor-widget-text-editor.elementor-drop-cap-view-framed .elementor-drop-cap{color:#69727d;border:3px solid;background-color:transparent}.elementor-widget-text-editor:not(.elementor-drop-cap-view-default) .elementor-drop-cap{margin-top:8px}.elementor-widget-text-editor:not(.elementor-drop-cap-view-default) .elementor-drop-cap-letter{width:1em;height:1em}.elementor-widget-text-editor .elementor-drop-cap{float:left;text-align:center;line-height:1;font-size:50px}.elementor-widget-text-editor .elementor-drop-cap-letter{display:inline-block}<\/style>\t\t\t\t<h2><strong>DNA-Praia <\/strong><\/h2><p class=\"translation-block\">DNA-Praia (Developing New Attitudes) is a training incubator that aims to develop new attitudes in its trainees through short courses and training. In addition to providing valuable insights that enhance trainees' knowledge, DNA guarantees technical assistance to incubated companies, as well as training and lectures that help update the skills of its employees.<\/p><p>In practice, DNA-Praia is a laboratory for promoting and practicing social and business entrepreneurship in the city of Praia.<\/p><p><strong>AREAS OF PRACTICE<\/strong><\/p><p>Entrepreneurship and Professional Training \u00a0<\/p><p>Business Incubator<\/p><p>Management of Pedestrian Streets<\/p><p><strong>TEAM<\/strong><\/p><p>Ms. Carine Borja \u2013 DNA Manager<\/p><p>Ms. Jandira Oliveira \u2013 DNA Assistant<\/p><p>Francisco Temoche -  Coordinator<\/p>\t\t\t\t\t\t<\/div>\n\t\t\t\t<\/div>\n\t\t\t\t\t<\/div>\n\t\t\t\t<\/div>\n\t\t\t\t<\/div>","protected":false},"excerpt":{"rendered":"<p>DNA-Praia A DNA-Praia (Desenvolvendo Novas Atitudes) \u00e9 uma incubadora de forma\u00e7\u00f5es que visa desenvolver novas atitudes nos seus formandos, com ensinamentos e cursos de curta dura\u00e7\u00e3o. Para al\u00e9m de importantes inputs que ajuda a agregar ao conhecimento dos formandos, a DNA garante assist\u00eancia t\u00e9cnica \u00e0s empresas incubadas, bem como forma\u00e7\u00f5es e palestras que ajudam a [&hellip;]<\/p>\n","protected":false},"author":1,"featured_media":0,"parent":0,"menu_order":0,"comment_status":"closed","ping_status":"closed","template":"","meta":{"site-sidebar-layout":"no-sidebar","site-content-layout":"page-builder","ast-site-content-layout":"full-width-container","site-content-style":"default","site-sidebar-style":"default","ast-global-header-display":"","ast-banner-title-visibility":"","ast-main-header-display":"","ast-hfb-above-header-display":"","ast-hfb-below-header-display":"","ast-hfb-mobile-header-display":"","site-post-title":"disabled","ast-breadcrumbs-content":"","ast-featured-img":"disabled","footer-sml-layout":"","theme-transparent-header-meta":"","adv-header-id-meta":"","stick-header-meta":"","header-above-stick-meta":"","header-main-stick-meta":"","header-below-stick-meta":"","astra-migrate-meta-layouts":"set","ast-page-background-enabled":"default","ast-page-background-meta":{"desktop":{"background-color":"","background-image":"","background-repeat":"repeat","background-position":"center center","background-size":"auto","background-attachment":"scroll","background-type":"","background-media":"","overlay-type":"","overlay-color":"","overlay-gradient":""},"tablet":{"background-color":"","background-image":"","background-repeat":"repeat","background-position":"center center","background-size":"auto","background-attachment":"scroll","background-type":"","background-media":"","overlay-type":"","overlay-color":"","overlay-gradient":""},"mobile":{"background-color":"","background-image":"","background-repeat":"repeat","background-position":"center center","background-size":"auto","background-attachment":"scroll","background-type":"","background-media":"","overlay-type":"","overlay-color":"","overlay-gradient":""}},"ast-content-background-meta":{"desktop":{"background-color":"var(--ast-global-color-5)","background-image":"","background-repeat":"repeat","background-position":"center center","background-size":"auto","background-attachment":"scroll","background-type":"","background-media":"","overlay-type":"","overlay-color":"","overlay-gradient":""},"tablet":{"background-color":"var(--ast-global-color-5)","background-image":"","background-repeat":"repeat","background-position":"center center","background-size":"auto","background-attachment":"scroll","background-type":"","background-media":"","overlay-type":"","overlay-color":"","overlay-gradient":""},"mobile":{"background-color":"var(--ast-global-color-5)","background-image":"","background-repeat":"repeat","background-position":"center center","background-size":"auto","background-attachment":"scroll","background-type":"","background-media":"","overlay-type":"","overlay-color":"","overlay-gradient":""}},"footnotes":""},"class_list":["post-1481","page","type-page","status-publish","hentry"],"_links":{"self":[{"href":"https:\/\/ipdd.cv\/en\/wp-json\/wp\/v2\/pages\/1481","targetHints":{"allow":["GET"]}}],"collection":[{"href":"https:\/\/ipdd.cv\/en\/wp-json\/wp\/v2\/pages"}],"about":[{"href":"https:\/\/ipdd.cv\/en\/wp-json\/wp\/v2\/types\/page"}],"author":[{"embeddable":true,"href":"https:\/\/ipdd.cv\/en\/wp-json\/wp\/v2\/users\/1"}],"replies":[{"embeddable":true,"href":"https:\/\/ipdd.cv\/en\/wp-json\/wp\/v2\/comments?post=1481"}],"version-history":[{"count":17,"href":"https:\/\/ipdd.cv\/en\/wp-json\/wp\/v2\/pages\/1481\/revisions"}],"predecessor-version":[{"id":1860,"href":"https:\/\/ipdd.cv\/en\/wp-json\/wp\/v2\/pages\/1481\/revisions\/1860"}],"wp:attachment":[{"href":"https:\/\/ipdd.cv\/en\/wp-json\/wp\/v2\/media?parent=1481"}],"curies":[{"name":"wp","href":"https:\/\/api.w.org\/{rel}","templated":true}]}}