{"id":1478,"date":"2024-05-09T13:08:47","date_gmt":"2024-05-09T13:08:47","guid":{"rendered":"https:\/\/ipdd.cv\/?page_id=1478"},"modified":"2026-03-09T16:46:25","modified_gmt":"2026-03-09T16:46:25","slug":"ciad","status":"publish","type":"page","link":"https:\/\/ipdd.cv\/en\/ciad\/","title":{"rendered":"CIAD"},"content":{"rendered":"<div data-elementor-type=\"wp-page\" data-elementor-id=\"1478\" class=\"elementor elementor-1478\">\n\t\t\t\t<div class=\"elementor-element elementor-element-3024c55 e-flex e-con-boxed e-con e-parent\" data-id=\"3024c55\" data-element_type=\"container\">\n\t\t\t\t\t<div class=\"e-con-inner\">\n\t\t\t\t<div class=\"elementor-element elementor-element-e7b9e55 elementor-widget elementor-widget-text-editor\" data-id=\"e7b9e55\" data-element_type=\"widget\" data-widget_type=\"text-editor.default\">\n\t\t\t\t<div class=\"elementor-widget-container\">\n\t\t\t<style>\/*! elementor - v3.21.0 - 26-05-2024 *\/\n.elementor-widget-text-editor.elementor-drop-cap-view-stacked .elementor-drop-cap{background-color:#69727d;color:#fff}.elementor-widget-text-editor.elementor-drop-cap-view-framed .elementor-drop-cap{color:#69727d;border:3px solid;background-color:transparent}.elementor-widget-text-editor:not(.elementor-drop-cap-view-default) .elementor-drop-cap{margin-top:8px}.elementor-widget-text-editor:not(.elementor-drop-cap-view-default) .elementor-drop-cap-letter{width:1em;height:1em}.elementor-widget-text-editor .elementor-drop-cap{float:left;text-align:center;line-height:1;font-size:50px}.elementor-widget-text-editor .elementor-drop-cap-letter{display:inline-block}<\/style>\t\t\t\t<h2>CIAD<\/h2>\n<p>The Center for Applied Research in Development is a laboratory that, through surveys, opinion polls, and research that serve as social, economic, and political barometers of Cape Verde, provides a comprehensive overview of the country.<\/p>\n<p><strong>AREAS OF PRACTICE<\/strong><\/p>\n<p>Market studies;<\/p>\n<p>Legislative and regulatory studies;<\/p>\n<p>IT tools for administrative debureaucratization and simplification of procedures; &nbsp;&nbsp;<\/p>\n<p>High-Performance Seminars;<\/p>\n<p>Short courses to promote employability<\/p>\n<p><strong>TEAM <\/strong><\/p>\n<p>Ms. Claudia Almeida \u2013 Coordinator&nbsp;<\/p>\n<p>Ms. Ivone Santos \u2013 CIAD Assistant&nbsp;<\/p>\n<p>Jos\u00e9 Augusto Filho&nbsp;&#8211;&nbsp;<span style=\"font-size: 1rem;\">Coordinator<\/span><\/p>\t\t\t\t\t\t<\/div>\n\t\t\t\t<\/div>\n\t\t\t\t\t<\/div>\n\t\t\t\t<\/div>\n\t\t<div class=\"elementor-element elementor-element-a740c6d e-flex e-con-boxed e-con e-parent\" data-id=\"a740c6d\" data-element_type=\"container\">\n\t\t\t\t\t<div class=\"e-con-inner\">\n\t\t\t\t\t<\/div>\n\t\t\t\t<\/div>\n\t\t\t\t<\/div>","protected":false},"excerpt":{"rendered":"<p>CIAD O Centro de Investiga\u00e7\u00e3o Aplicada ao Desenvolvimento \u00e9 um laborat\u00f3rio que atrav\u00e9s de inqu\u00e9ritos, estudos de opini\u00e3o e pesquisas que s\u00e3o bar\u00f3metros sociais, econ\u00f3micos e pol\u00edticos de Cabo Verde, faz uma radiografia do pa\u00eds. \u00c1REAS DE ATUA\u00c7\u00c3O Estudos de mercado; Estudos legislativos e regulamentares; Ferramentas IT para desburocratiza\u00e7\u00e3o administrativa,&nbsp;simplifica\u00e7\u00e3o de procedimentos, &nbsp;&nbsp; Semin\u00e1rios de [&hellip;]<\/p>\n","protected":false},"author":1,"featured_media":0,"parent":0,"menu_order":0,"comment_status":"closed","ping_status":"closed","template":"","meta":{"site-sidebar-layout":"no-sidebar","site-content-layout":"page-builder","ast-site-content-layout":"full-width-container","site-content-style":"default","site-sidebar-style":"default","ast-global-header-display":"","ast-banner-title-visibility":"","ast-main-header-display":"","ast-hfb-above-header-display":"","ast-hfb-below-header-display":"","ast-hfb-mobile-header-display":"","site-post-title":"disabled","ast-breadcrumbs-content":"","ast-featured-img":"disabled","footer-sml-layout":"","theme-transparent-header-meta":"","adv-header-id-meta":"","stick-header-meta":"","header-above-stick-meta":"","header-main-stick-meta":"","header-below-stick-meta":"","astra-migrate-meta-layouts":"set","ast-page-background-enabled":"default","ast-page-background-meta":{"desktop":{"background-color":"","background-image":"","background-repeat":"repeat","background-position":"center center","background-size":"auto","background-attachment":"scroll","background-type":"","background-media":"","overlay-type":"","overlay-color":"","overlay-gradient":""},"tablet":{"background-color":"","background-image":"","background-repeat":"repeat","background-position":"center center","background-size":"auto","background-attachment":"scroll","background-type":"","background-media":"","overlay-type":"","overlay-color":"","overlay-gradient":""},"mobile":{"background-color":"","background-image":"","background-repeat":"repeat","background-position":"center center","background-size":"auto","background-attachment":"scroll","background-type":"","background-media":"","overlay-type":"","overlay-color":"","overlay-gradient":""}},"ast-content-background-meta":{"desktop":{"background-color":"var(--ast-global-color-5)","background-image":"","background-repeat":"repeat","background-position":"center center","background-size":"auto","background-attachment":"scroll","background-type":"","background-media":"","overlay-type":"","overlay-color":"","overlay-gradient":""},"tablet":{"background-color":"var(--ast-global-color-5)","background-image":"","background-repeat":"repeat","background-position":"center center","background-size":"auto","background-attachment":"scroll","background-type":"","background-media":"","overlay-type":"","overlay-color":"","overlay-gradient":""},"mobile":{"background-color":"var(--ast-global-color-5)","background-image":"","background-repeat":"repeat","background-position":"center center","background-size":"auto","background-attachment":"scroll","background-type":"","background-media":"","overlay-type":"","overlay-color":"","overlay-gradient":""}},"footnotes":""},"class_list":["post-1478","page","type-page","status-publish","hentry"],"_links":{"self":[{"href":"https:\/\/ipdd.cv\/en\/wp-json\/wp\/v2\/pages\/1478","targetHints":{"allow":["GET"]}}],"collection":[{"href":"https:\/\/ipdd.cv\/en\/wp-json\/wp\/v2\/pages"}],"about":[{"href":"https:\/\/ipdd.cv\/en\/wp-json\/wp\/v2\/types\/page"}],"author":[{"embeddable":true,"href":"https:\/\/ipdd.cv\/en\/wp-json\/wp\/v2\/users\/1"}],"replies":[{"embeddable":true,"href":"https:\/\/ipdd.cv\/en\/wp-json\/wp\/v2\/comments?post=1478"}],"version-history":[{"count":36,"href":"https:\/\/ipdd.cv\/en\/wp-json\/wp\/v2\/pages\/1478\/revisions"}],"predecessor-version":[{"id":1910,"href":"https:\/\/ipdd.cv\/en\/wp-json\/wp\/v2\/pages\/1478\/revisions\/1910"}],"wp:attachment":[{"href":"https:\/\/ipdd.cv\/en\/wp-json\/wp\/v2\/media?parent=1478"}],"curies":[{"name":"wp","href":"https:\/\/api.w.org\/{rel}","templated":true}]}}