{"id":1474,"date":"2024-05-09T13:02:41","date_gmt":"2024-05-09T13:02:41","guid":{"rendered":"https:\/\/ipdd.cv\/?page_id=1474"},"modified":"2026-04-13T18:42:04","modified_gmt":"2026-04-13T18:42:04","slug":"cca-global","status":"publish","type":"page","link":"https:\/\/ipdd.cv\/en\/cca-global\/","title":{"rendered":"CCA-GLOBAL"},"content":{"rendered":"\t\t<div data-elementor-type=\"wp-page\" data-elementor-id=\"1474\" class=\"elementor elementor-1474\">\n\t\t\t\t<div class=\"elementor-element elementor-element-4f8febe e-flex e-con-boxed e-con e-parent\" data-id=\"4f8febe\" data-element_type=\"container\">\n\t\t\t\t\t<div class=\"e-con-inner\">\n\t\t\t\t<div class=\"elementor-element elementor-element-f35b432 elementor-widget elementor-widget-heading\" data-id=\"f35b432\" data-element_type=\"widget\" data-widget_type=\"heading.default\">\n\t\t\t\t<div class=\"elementor-widget-container\">\n\t\t\t<style>\/*! elementor - v3.21.0 - 26-05-2024 *\/\n.elementor-heading-title{padding:0;margin:0;line-height:1}.elementor-widget-heading .elementor-heading-title[class*=elementor-size-]>a{color:inherit;font-size:inherit;line-height:inherit}.elementor-widget-heading .elementor-heading-title.elementor-size-small{font-size:15px}.elementor-widget-heading .elementor-heading-title.elementor-size-medium{font-size:19px}.elementor-widget-heading .elementor-heading-title.elementor-size-large{font-size:29px}.elementor-widget-heading .elementor-heading-title.elementor-size-xl{font-size:39px}.elementor-widget-heading .elementor-heading-title.elementor-size-xxl{font-size:59px}<\/style><h2 class=\"elementor-heading-title elementor-size-default\"><h3 class=\"elementor-image-box-title\" style=\"font-style: normal; white-space-collapse: collapse;\"><font style=\"vertical-align: inherit;\">CCA-GLOBAL<\/font><\/h3><\/h2>\t\t<\/div>\n\t\t\t\t<\/div>\n\t\t\t\t\t<\/div>\n\t\t\t\t<\/div>\n\t\t<div class=\"elementor-element elementor-element-a2933e7 e-flex e-con-boxed e-con e-parent\" data-id=\"a2933e7\" data-element_type=\"container\">\n\t\t\t\t\t<div class=\"e-con-inner\">\n\t\t\t\t<div class=\"elementor-element elementor-element-b9e9552 elementor-widget elementor-widget-image\" data-id=\"b9e9552\" data-element_type=\"widget\" data-widget_type=\"image.default\">\n\t\t\t\t<div class=\"elementor-widget-container\">\n\t\t\t<style>\/*! elementor - v3.21.0 - 26-05-2024 *\/\n.elementor-widget-image{text-align:center}.elementor-widget-image a{display:inline-block}.elementor-widget-image a img[src$=\".svg\"]{width:48px}.elementor-widget-image img{vertical-align:middle;display:inline-block}<\/style>\t\t\t\t\t\t\t\t\t\t<img fetchpriority=\"high\" decoding=\"async\" width=\"300\" height=\"225\" src=\"https:\/\/ipdd.cv\/wp-content\/uploads\/2024\/04\/hammer-libra-dish-802301-300x225.jpg\" class=\"attachment-medium size-medium wp-image-1235\" alt=\"hammer, libra, dish-802301.jpg\" srcset=\"https:\/\/ipdd.cv\/wp-content\/uploads\/2024\/04\/hammer-libra-dish-802301-300x225.jpg 300w, https:\/\/ipdd.cv\/wp-content\/uploads\/2024\/04\/hammer-libra-dish-802301-1024x768.jpg 1024w, https:\/\/ipdd.cv\/wp-content\/uploads\/2024\/04\/hammer-libra-dish-802301-768x576.jpg 768w, https:\/\/ipdd.cv\/wp-content\/uploads\/2024\/04\/hammer-libra-dish-802301.jpg 1280w\" sizes=\"(max-width: 300px) 100vw, 300px\" \/>\t\t\t\t\t\t\t\t\t\t\t\t\t<\/div>\n\t\t\t\t<\/div>\n\t\t\t\t\t<\/div>\n\t\t\t\t<\/div>\n\t\t<div class=\"elementor-element elementor-element-973dea0 e-flex e-con-boxed e-con e-parent\" data-id=\"973dea0\" data-element_type=\"container\">\n\t\t\t\t\t<div class=\"e-con-inner\">\n\t\t\t\t<div class=\"elementor-element elementor-element-2856ffd elementor-widget elementor-widget-text-editor\" data-id=\"2856ffd\" data-element_type=\"widget\" data-widget_type=\"text-editor.default\">\n\t\t\t\t<div class=\"elementor-widget-container\">\n\t\t\t<style>\/*! elementor - v3.21.0 - 26-05-2024 *\/\n.elementor-widget-text-editor.elementor-drop-cap-view-stacked .elementor-drop-cap{background-color:#69727d;color:#fff}.elementor-widget-text-editor.elementor-drop-cap-view-framed .elementor-drop-cap{color:#69727d;border:3px solid;background-color:transparent}.elementor-widget-text-editor:not(.elementor-drop-cap-view-default) .elementor-drop-cap{margin-top:8px}.elementor-widget-text-editor:not(.elementor-drop-cap-view-default) .elementor-drop-cap-letter{width:1em;height:1em}.elementor-widget-text-editor .elementor-drop-cap{float:left;text-align:center;line-height:1;font-size:50px}.elementor-widget-text-editor .elementor-drop-cap-letter{display:inline-block}<\/style>\t\t\t\t<p>O Centro de Concilia\u00e7\u00e3o e Arbitragem \u00e9 um laborat\u00f3rio de media\u00e7\u00e3o de conflitos e arbitragem, privado e independente, que oferece de forma \u00e9tica e imparcial, uma solu\u00e7\u00e3o para os conflitos patrimoniais, financeiros e contratuais.<\/p><p>O CCA-Global trata e resolve lit\u00edgios fiscais, laborais e comerciais com elevado n\u00edvel de satisfa\u00e7\u00e3o entre as partes. Com foco nos pequenos casos, o CCA-Global opera em Cabo Verde e cobre quase toda a CEDEAO, contribuindo, atrav\u00e9s da concilia\u00e7\u00e3o e arbitragem, na resolu\u00e7\u00e3o de situa\u00e7\u00f5es de morosidade nos processos jur\u00eddicos em Cabo Verde, principalmente na cidade da Praia.\u00a0<\/p><p><strong>\u00c1REAS DE ATUA\u00c7\u00c3O<\/strong><\/p><p>Media\u00e7\u00e3o e Arbitragem;<\/p><p>Comercial, Laboral e fiscal;<\/p><p>Investimento Nacional e CEDEAO; \u00a0<\/p><p>Regula\u00e7\u00e3o e Licenciamentos;<\/p><p>Start-Ups e Empreendedorismo;<\/p><p>Processo de Nacionalidade e Resid\u00eancia;<\/p><p>Contrata\u00e7\u00e3o p\u00fablica;<\/p><p>Consultoria Jur\u00eddica;<\/p><p><strong>EQUIPA<\/strong><\/p><p>Sr. Juracy Da Silva \u2013\u00a0 Diretor CCA &#8211; Mediador \u2013 Gestor da Carteira de Forma\u00e7\u00f5es.<\/p><p>Sra. M\u00f4nica Cardoso \u2013\u00a0 Assistente CCA; Assistente Jur\u00eddico do IPDD<\/p><p>Juracy Silva &#8211;\u00a0Coordenadora<\/p><p>Euclides Silva &#8211;\u00a0Coordenador<\/p>\t\t\t\t\t\t<\/div>\n\t\t\t\t<\/div>\n\t\t\t\t\t<\/div>\n\t\t\t\t<\/div>\n\t\t\t\t<\/div>\n\t\t","protected":false},"excerpt":{"rendered":"<p>CCA-GLOBAL O Centro de Concilia\u00e7\u00e3o e Arbitragem \u00e9 um laborat\u00f3rio de media\u00e7\u00e3o de conflitos e arbitragem, privado e independente, que oferece de forma \u00e9tica e imparcial, uma solu\u00e7\u00e3o para os conflitos patrimoniais, financeiros e contratuais. O CCA-Global trata e resolve lit\u00edgios fiscais, laborais e comerciais com elevado n\u00edvel de satisfa\u00e7\u00e3o entre as partes. Com foco [&hellip;]<\/p>\n","protected":false},"author":1,"featured_media":0,"parent":0,"menu_order":0,"comment_status":"closed","ping_status":"closed","template":"","meta":{"site-sidebar-layout":"no-sidebar","site-content-layout":"page-builder","ast-site-content-layout":"full-width-container","site-content-style":"default","site-sidebar-style":"default","ast-global-header-display":"","ast-banner-title-visibility":"","ast-main-header-display":"","ast-hfb-above-header-display":"","ast-hfb-below-header-display":"","ast-hfb-mobile-header-display":"","site-post-title":"disabled","ast-breadcrumbs-content":"","ast-featured-img":"disabled","footer-sml-layout":"","theme-transparent-header-meta":"","adv-header-id-meta":"","stick-header-meta":"","header-above-stick-meta":"","header-main-stick-meta":"","header-below-stick-meta":"","astra-migrate-meta-layouts":"default","ast-page-background-enabled":"default","ast-page-background-meta":{"desktop":{"background-color":"","background-image":"","background-repeat":"repeat","background-position":"center center","background-size":"auto","background-attachment":"scroll","background-type":"","background-media":"","overlay-type":"","overlay-color":"","overlay-gradient":""},"tablet":{"background-color":"","background-image":"","background-repeat":"repeat","background-position":"center center","background-size":"auto","background-attachment":"scroll","background-type":"","background-media":"","overlay-type":"","overlay-color":"","overlay-gradient":""},"mobile":{"background-color":"","background-image":"","background-repeat":"repeat","background-position":"center center","background-size":"auto","background-attachment":"scroll","background-type":"","background-media":"","overlay-type":"","overlay-color":"","overlay-gradient":""}},"ast-content-background-meta":{"desktop":{"background-color":"var(--ast-global-color-5)","background-image":"","background-repeat":"repeat","background-position":"center center","background-size":"auto","background-attachment":"scroll","background-type":"","background-media":"","overlay-type":"","overlay-color":"","overlay-gradient":""},"tablet":{"background-color":"var(--ast-global-color-5)","background-image":"","background-repeat":"repeat","background-position":"center center","background-size":"auto","background-attachment":"scroll","background-type":"","background-media":"","overlay-type":"","overlay-color":"","overlay-gradient":""},"mobile":{"background-color":"var(--ast-global-color-5)","background-image":"","background-repeat":"repeat","background-position":"center center","background-size":"auto","background-attachment":"scroll","background-type":"","background-media":"","overlay-type":"","overlay-color":"","overlay-gradient":""}},"footnotes":""},"class_list":["post-1474","page","type-page","status-publish","hentry"],"_links":{"self":[{"href":"https:\/\/ipdd.cv\/en\/wp-json\/wp\/v2\/pages\/1474","targetHints":{"allow":["GET"]}}],"collection":[{"href":"https:\/\/ipdd.cv\/en\/wp-json\/wp\/v2\/pages"}],"about":[{"href":"https:\/\/ipdd.cv\/en\/wp-json\/wp\/v2\/types\/page"}],"author":[{"embeddable":true,"href":"https:\/\/ipdd.cv\/en\/wp-json\/wp\/v2\/users\/1"}],"replies":[{"embeddable":true,"href":"https:\/\/ipdd.cv\/en\/wp-json\/wp\/v2\/comments?post=1474"}],"version-history":[{"count":27,"href":"https:\/\/ipdd.cv\/en\/wp-json\/wp\/v2\/pages\/1474\/revisions"}],"predecessor-version":[{"id":1924,"href":"https:\/\/ipdd.cv\/en\/wp-json\/wp\/v2\/pages\/1474\/revisions\/1924"}],"wp:attachment":[{"href":"https:\/\/ipdd.cv\/en\/wp-json\/wp\/v2\/media?parent=1474"}],"curies":[{"name":"wp","href":"https:\/\/api.w.org\/{rel}","templated":true}]}}