{"id":1300,"date":"2024-04-10T23:16:00","date_gmt":"2024-04-10T23:16:00","guid":{"rendered":"https:\/\/ipdd.cv\/?page_id=1300"},"modified":"2024-06-13T11:01:31","modified_gmt":"2024-06-13T11:01:31","slug":"formacoes","status":"publish","type":"page","link":"https:\/\/ipdd.cv\/en\/formacoes\/","title":{"rendered":"Training"},"content":{"rendered":"\t\t<div data-elementor-type=\"wp-page\" data-elementor-id=\"1300\" class=\"elementor elementor-1300\">\n\t\t\t\t<div class=\"elementor-element elementor-element-8c0e695 e-flex e-con-boxed e-con e-parent\" data-id=\"8c0e695\" data-element_type=\"container\" data-settings=\"{&quot;background_background&quot;:&quot;classic&quot;}\">\n\t\t\t\t\t<div class=\"e-con-inner\">\n\t\t<div class=\"elementor-element elementor-element-86a1d40 e-con-full e-flex e-con e-child\" data-id=\"86a1d40\" data-element_type=\"container\">\n\t\t\t\t<div class=\"elementor-element elementor-element-dca9a9a elementor-widget elementor-widget-heading\" data-id=\"dca9a9a\" data-element_type=\"widget\" data-widget_type=\"heading.default\">\n\t\t\t\t<div class=\"elementor-widget-container\">\n\t\t\t<style>\/*! elementor - v3.21.0 - 26-05-2024 *\/\n.elementor-heading-title{padding:0;margin:0;line-height:1}.elementor-widget-heading .elementor-heading-title[class*=elementor-size-]>a{color:inherit;font-size:inherit;line-height:inherit}.elementor-widget-heading .elementor-heading-title.elementor-size-small{font-size:15px}.elementor-widget-heading .elementor-heading-title.elementor-size-medium{font-size:19px}.elementor-widget-heading .elementor-heading-title.elementor-size-large{font-size:29px}.elementor-widget-heading .elementor-heading-title.elementor-size-xl{font-size:39px}.elementor-widget-heading .elementor-heading-title.elementor-size-xxl{font-size:59px}<\/style><h1 class=\"elementor-heading-title elementor-size-default\">Forma\u00e7\u00f5es<\/h1>\t\t<\/div>\n\t\t\t\t<\/div>\n\t\t\t\t<\/div>\n\t\t\t\t\t<\/div>\n\t\t\t\t<\/div>\n\t\t<div class=\"elementor-element elementor-element-d9c1a63 e-flex e-con-boxed e-con e-parent\" data-id=\"d9c1a63\" data-element_type=\"container\">\n\t\t\t\t\t<div class=\"e-con-inner\">\n\t\t\t\t<div class=\"elementor-element elementor-element-6dd1cfa elementor-widget elementor-widget-wp-widget-search\" data-id=\"6dd1cfa\" data-element_type=\"widget\" data-widget_type=\"wp-widget-search.default\">\n\t\t\t\t<div class=\"elementor-widget-container\">\n\t\t\t<form role=\"search\" method=\"get\" class=\"search-form\" action=\"https:\/\/ipdd.cv\/en\/\">\n\t<label for=\"search-field\">\n\t\t<span class=\"screen-reader-text\">Search for:<\/span>\n\t\t<input type=\"search\" id=\"search-field\" class=\"search-field\"   placeholder=\"Search...\" value=\"\" name=\"s\" tabindex=\"-1\">\n\t\t\t\t\t<button class=\"search-submit ast-search-submit\" aria-label=\"Search Submit\">\n\t\t\t\t<span hidden>Search<\/span>\n\t\t\t\t<i><span class=\"ast-icon icon-search\"><svg xmlns=\"http:\/\/www.w3.org\/2000\/svg\" xmlns:xlink=\"http:\/\/www.w3.org\/1999\/xlink\" version=\"1.1\" x=\"0px\" y=\"0px\" viewBox=\"-893 488 142 142\" enable-background=\"new -888 480 142 142\" xml:space=\"preserve\">\n\t\t\t\t\t\t  <path d=\"M-787.4,568.7h-6.3l-2.4-2.4c7.9-8.7,12.6-20.5,12.6-33.1c0-28.4-22.9-51.3-51.3-51.3  c-28.4,0-51.3,22.9-51.3,51.3c0,28.4,22.9,51.3,51.3,51.3c12.6,0,24.4-4.7,33.1-12.6l2.4,2.4v6.3l39.4,39.4l11.8-11.8L-787.4,568.7  L-787.4,568.7z M-834.7,568.7c-19.7,0-35.5-15.8-35.5-35.5c0-19.7,15.8-35.5,35.5-35.5c19.7,0,35.5,15.8,35.5,35.5  C-799.3,553-815,568.7-834.7,568.7L-834.7,568.7z\"\/>\n\t\t\t\t\t\t  <\/svg><\/span><\/i>\n\t\t\t<\/button>\n\t\t\t<\/label>\n\t\t\t<input type=\"submit\" class=\"search-submit\" value=\"Search\">\n\t<\/form>\n\t\t<\/div>\n\t\t\t\t<\/div>\n\t\t\t\t\t<\/div>\n\t\t\t\t<\/div>\n\t\t<div class=\"elementor-element elementor-element-5bfcc3c e-grid e-con-boxed e-con e-parent\" data-id=\"5bfcc3c\" data-element_type=\"container\">\n\t\t\t\t\t<div class=\"e-con-inner\">\n\t\t\t\t<div class=\"elementor-element elementor-element-ff8d943 elementor-widget elementor-widget-text-editor\" data-id=\"ff8d943\" data-element_type=\"widget\" data-widget_type=\"text-editor.default\">\n\t\t\t\t<div class=\"elementor-widget-container\">\n\t\t\t<style>\/*! elementor - v3.21.0 - 26-05-2024 *\/\n.elementor-widget-text-editor.elementor-drop-cap-view-stacked .elementor-drop-cap{background-color:#69727d;color:#fff}.elementor-widget-text-editor.elementor-drop-cap-view-framed .elementor-drop-cap{color:#69727d;border:3px solid;background-color:transparent}.elementor-widget-text-editor:not(.elementor-drop-cap-view-default) .elementor-drop-cap{margin-top:8px}.elementor-widget-text-editor:not(.elementor-drop-cap-view-default) .elementor-drop-cap-letter{width:1em;height:1em}.elementor-widget-text-editor .elementor-drop-cap{float:left;text-align:center;line-height:1;font-size:50px}.elementor-widget-text-editor .elementor-drop-cap-letter{display:inline-block}<\/style>\t\t\t\t<h3>2024<\/h3>\n<p>Forma\u00e7\u00e3o Inicial Pedag\u00f3gica dos Formadores &#8211; 29 de fevereiro a 29 de mar\u00e7o de 2024 com 12 formandos.<\/p>\n<p>Forma\u00e7\u00e3o REMPE e E-Fatura 2\u00aa edi\u00e7\u00e3o &#8211; fevereiro de 2024, com 9 formandos.<\/p>\n<p>&nbsp;Estudo Demogr\u00e1fico e seguran\u00e7a na CEDEAO, durante o m\u00eas de fevereiro e mar\u00e7o.<\/p>\t\t\t\t\t\t<\/div>\n\t\t\t\t<\/div>\n\t\t\t\t<div class=\"elementor-element elementor-element-a1a4610 elementor-widget elementor-widget-text-editor\" data-id=\"a1a4610\" data-element_type=\"widget\" data-widget_type=\"text-editor.default\">\n\t\t\t\t<div class=\"elementor-widget-container\">\n\t\t\t\t\t\t\t<h3>2023<\/h3><p>Semin\u00e1rio de Alta Performance, com o Heitor Fox foi realizado no dia 8 de dezembro de 2023, em S\u00e3o Vicente tive uma plateia de 10 formandos.<\/p><p>Semin\u00e1rio de Alta Performance, com o Heitor Fox foi realizado no dia 11 de dezembro de 2023,em Boa Vista, tive uma plateia de 23 formandos.<\/p><p>Semin\u00e1rio de Alta Performance, com o Heitor Fox foi realizado no dia 5 de dezembro de 2023, na cidade da Praia, tive uma plateia de 35 formandos.<\/p><p>Curso Intensivo em Media\u00e7\u00e3o e Gest\u00e3o de crises \u2013 dezembro 2023, contou com 9 formandos presenciais e tr\u00eas formadores online.<\/p><p>Curso lus\u00f3fono com o tema Insolv\u00eancia e Recupera\u00e7\u00e3o de empresas,\u00a0 Outubro a Nopvembro de 2023.<\/p><p>Conversa aberta IPDD + CIAD na Escola Secundaria Claridade, cujo o tema foi Orienta\u00e7\u00e3o Vocacional &#8211; 11 de novembro 2023, participa\u00e7\u00e3o de 12 formandos.<\/p><p>Forma\u00e7\u00e3o em REMPE 1\u00aa edi\u00e7\u00e3o, decorreu durante o m\u00eas de setembro de 2023, nos dia 11 at\u00e9 o dia 27. Teve uma turma de 9 formandos.<\/p>\t\t\t\t\t\t<\/div>\n\t\t\t\t<\/div>\n\t\t\t\t<div class=\"elementor-element elementor-element-470d549 elementor-widget elementor-widget-text-editor\" data-id=\"470d549\" data-element_type=\"widget\" data-widget_type=\"text-editor.default\">\n\t\t\t\t<div class=\"elementor-widget-container\">\n\t\t\t\t\t\t\t<h3>2020 &#8211; 2022<\/h3><p>Curso de Contabilidade P\u00fablica &#8211; 3 de outubro de 2022, contou com 7 formandos.<\/p><p>Curso Direito dos Registo Not\u00e1rio &#8211; outubro de 2022, contou com 5 formandos presencial e 5 online.<\/p><p>Curso em Administra\u00e7\u00e3o P\u00fablica &#8211; 16 de agosto de 2022, contou com 7 formandos.<\/p><p>Webinar gratuito sobre Arbritagem como meio eficiente e eficaz de resolu\u00e7\u00e3o de letigios, realizada via zoom no dia 6 de janeiro de 2021.<\/p><p>Curso em Marketing Digital &#8211; 2 a 6 de mar\u00e7o de 2020, contou com 13 formandos.<\/p><p>Palestra sobre: Principios essenciais da lideran\u00e7a. Realizado &#8211; 4 de junho de 2020, foi online via facebook, nas p\u00e1ginas ligadas ao IPDD.<\/p>\t\t\t\t\t\t<\/div>\n\t\t\t\t<\/div>\n\t\t\t\t<div class=\"elementor-element elementor-element-17f51ae elementor-widget elementor-widget-text-editor\" data-id=\"17f51ae\" data-element_type=\"widget\" data-widget_type=\"text-editor.default\">\n\t\t\t\t<div class=\"elementor-widget-container\">\n\t\t\t\t\t\t\t<h3>2017-2019<\/h3><p>Curso em Ingl\u00eas Pr\u00e1tico realizado na ilha do Fogo &#8211; dias 27 e 28 de dezembro 2019, contou com 14 formandos.<\/p><p>Minicurso em Hist\u00f3ria e Geografia- 13 de janeiro de 2019, contou com 8 formandos.<\/p><p>Palestra sobre Criatividade e Inova\u00e7\u00e3o &#8211;\u00a0 7 de setembro de 2018, contou com 30 participantes.<\/p><p>Curso em Estat\u00edstica para Jornalistas e Assessores de comunica\u00e7\u00e3o &#8211;\u00a0 2 a 6 de outubro de 2017.<\/p><p>Semin\u00e1rio LL Cabo Verde na CEDEAO- Constrangimentos e oportunidades &#8211; 5 de outubro 2017 contou com 50 participantes<\/p><p>Semin\u00e1rio MPA Public Administration and Governance &#8211;\u00a0 dia 29 de agosto de 2017, contou com 25 participantes.<\/p>\t\t\t\t\t\t<\/div>\n\t\t\t\t<\/div>\n\t\t\t\t\t<\/div>\n\t\t\t\t<\/div>\n\t\t\t\t<\/div>\n\t\t","protected":false},"excerpt":{"rendered":"<p>Forma\u00e7\u00f5es 2024 Forma\u00e7\u00e3o Inicial Pedag\u00f3gica dos Formadores &#8211; 29 de fevereiro a 29 de mar\u00e7o de 2024 com 12 formandos. Forma\u00e7\u00e3o REMPE e E-Fatura 2\u00aa edi\u00e7\u00e3o &#8211; fevereiro de 2024, com 9 formandos. &nbsp;Estudo Demogr\u00e1fico e seguran\u00e7a na CEDEAO, durante o m\u00eas de fevereiro e mar\u00e7o. 2023 Semin\u00e1rio de Alta Performance, com o Heitor Fox [&hellip;]<\/p>\n","protected":false},"author":1,"featured_media":0,"parent":0,"menu_order":0,"comment_status":"closed","ping_status":"closed","template":"","meta":{"site-sidebar-layout":"no-sidebar","site-content-layout":"page-builder","ast-site-content-layout":"full-width-container","site-content-style":"default","site-sidebar-style":"default","ast-global-header-display":"","ast-banner-title-visibility":"","ast-main-header-display":"","ast-hfb-above-header-display":"","ast-hfb-below-header-display":"","ast-hfb-mobile-header-display":"","site-post-title":"disabled","ast-breadcrumbs-content":"","ast-featured-img":"disabled","footer-sml-layout":"","theme-transparent-header-meta":"","adv-header-id-meta":"","stick-header-meta":"","header-above-stick-meta":"","header-main-stick-meta":"","header-below-stick-meta":"","astra-migrate-meta-layouts":"set","ast-page-background-enabled":"default","ast-page-background-meta":{"desktop":{"background-color":"","background-image":"","background-repeat":"repeat","background-position":"center center","background-size":"auto","background-attachment":"scroll","background-type":"","background-media":"","overlay-type":"","overlay-color":"","overlay-gradient":""},"tablet":{"background-color":"","background-image":"","background-repeat":"repeat","background-position":"center center","background-size":"auto","background-attachment":"scroll","background-type":"","background-media":"","overlay-type":"","overlay-color":"","overlay-gradient":""},"mobile":{"background-color":"","background-image":"","background-repeat":"repeat","background-position":"center center","background-size":"auto","background-attachment":"scroll","background-type":"","background-media":"","overlay-type":"","overlay-color":"","overlay-gradient":""}},"ast-content-background-meta":{"desktop":{"background-color":"var(--ast-global-color-5)","background-image":"","background-repeat":"repeat","background-position":"center center","background-size":"auto","background-attachment":"scroll","background-type":"","background-media":"","overlay-type":"","overlay-color":"","overlay-gradient":""},"tablet":{"background-color":"var(--ast-global-color-5)","background-image":"","background-repeat":"repeat","background-position":"center center","background-size":"auto","background-attachment":"scroll","background-type":"","background-media":"","overlay-type":"","overlay-color":"","overlay-gradient":""},"mobile":{"background-color":"var(--ast-global-color-5)","background-image":"","background-repeat":"repeat","background-position":"center center","background-size":"auto","background-attachment":"scroll","background-type":"","background-media":"","overlay-type":"","overlay-color":"","overlay-gradient":""}},"footnotes":""},"class_list":["post-1300","page","type-page","status-publish","hentry"],"_links":{"self":[{"href":"https:\/\/ipdd.cv\/en\/wp-json\/wp\/v2\/pages\/1300","targetHints":{"allow":["GET"]}}],"collection":[{"href":"https:\/\/ipdd.cv\/en\/wp-json\/wp\/v2\/pages"}],"about":[{"href":"https:\/\/ipdd.cv\/en\/wp-json\/wp\/v2\/types\/page"}],"author":[{"embeddable":true,"href":"https:\/\/ipdd.cv\/en\/wp-json\/wp\/v2\/users\/1"}],"replies":[{"embeddable":true,"href":"https:\/\/ipdd.cv\/en\/wp-json\/wp\/v2\/comments?post=1300"}],"version-history":[{"count":68,"href":"https:\/\/ipdd.cv\/en\/wp-json\/wp\/v2\/pages\/1300\/revisions"}],"predecessor-version":[{"id":1761,"href":"https:\/\/ipdd.cv\/en\/wp-json\/wp\/v2\/pages\/1300\/revisions\/1761"}],"wp:attachment":[{"href":"https:\/\/ipdd.cv\/en\/wp-json\/wp\/v2\/media?parent=1300"}],"curies":[{"name":"wp","href":"https:\/\/api.w.org\/{rel}","templated":true}]}}